{"id":3253,"date":"2024-12-03T09:56:26","date_gmt":"2024-12-03T08:56:26","guid":{"rendered":"https:\/\/lmklouny.net\/?page_id=3253"},"modified":"2024-12-03T09:56:27","modified_gmt":"2024-12-03T08:56:27","slug":"kontakty","status":"publish","type":"page","link":"https:\/\/jzm.lmklouny.cz\/index.php\/kontakty\/","title":{"rendered":"Kontakty"},"content":{"rendered":"\n<p><strong>N\u00c1ZEV:<\/strong> Model\u00e1\u0159sk\u00fd klub Louny p.s.<br><strong>P\u0158EDSEDA:<\/strong> Drahom\u00edr Faix<br><strong>EMAIL:<\/strong> info@lmklouny.cz<br><strong>TELEFON:<\/strong> +420 606 738 885<br><strong>I\u010cO:<\/strong> 46764437<br><strong>ADRESA:<\/strong> Vrchlick\u00e9ho 883, 440 01 Louny<br><strong>MAPA:<\/strong> <a href=\"https:\/\/mapy.cz\/s\/bugefaraza\">link na mapy.cz<\/a> link na <a href=\"https:\/\/maps.app.goo.gl\/DcwSY6YC7m2d5bMt8\">mapy google<\/a><\/p>\n\n\n\n<p><\/p>\n","protected":false},"excerpt":{"rendered":"<div class=\"mh-excerpt\"><p>N\u00c1ZEV: Model\u00e1\u0159sk\u00fd klub Louny p.s.P\u0158EDSEDA: Drahom\u00edr FaixEMAIL: info@lmklouny.czTELEFON: +420 606 738 885I\u010cO: 46764437ADRESA: Vrchlick\u00e9ho 883, 440 01 LounyMAPA: link na mapy.cz link na mapy google<\/p>\n<\/div>","protected":false},"author":1,"featured_media":0,"parent":0,"menu_order":0,"comment_status":"closed","ping_status":"closed","template":"","meta":{"ngg_post_thumbnail":0,"footnotes":""},"class_list":["post-3253","page","type-page","status-publish","hentry"],"_links":{"self":[{"href":"https:\/\/jzm.lmklouny.cz\/index.php\/wp-json\/wp\/v2\/pages\/3253","targetHints":{"allow":["GET"]}}],"collection":[{"href":"https:\/\/jzm.lmklouny.cz\/index.php\/wp-json\/wp\/v2\/pages"}],"about":[{"href":"https:\/\/jzm.lmklouny.cz\/index.php\/wp-json\/wp\/v2\/types\/page"}],"author":[{"embeddable":true,"href":"https:\/\/jzm.lmklouny.cz\/index.php\/wp-json\/wp\/v2\/users\/1"}],"replies":[{"embeddable":true,"href":"https:\/\/jzm.lmklouny.cz\/index.php\/wp-json\/wp\/v2\/comments?post=3253"}],"version-history":[{"count":2,"href":"https:\/\/jzm.lmklouny.cz\/index.php\/wp-json\/wp\/v2\/pages\/3253\/revisions"}],"predecessor-version":[{"id":3255,"href":"https:\/\/jzm.lmklouny.cz\/index.php\/wp-json\/wp\/v2\/pages\/3253\/revisions\/3255"}],"wp:attachment":[{"href":"https:\/\/jzm.lmklouny.cz\/index.php\/wp-json\/wp\/v2\/media?parent=3253"}],"curies":[{"name":"wp","href":"https:\/\/api.w.org\/{rel}","templated":true}]}}