{"id":144,"date":"2017-10-07T19:06:23","date_gmt":"2017-10-07T18:06:23","guid":{"rendered":"http:\/\/192.168.1.151\/index.php\/vyroci-letiste-2017\/"},"modified":"2017-10-07T19:06:23","modified_gmt":"2017-10-07T18:06:23","slug":"vyroci-letiste-2017","status":"publish","type":"page","link":"https:\/\/jzm.lmklouny.cz\/index.php\/vyroci-letiste-2017\/","title":{"rendered":"V\u00fdro\u010d\u00ed leti\u0161t\u011b 2017"},"content":{"rendered":"ngg_shortcode_0_placeholder\n","protected":false},"excerpt":{"rendered":"<div class=\"mh-excerpt\"><\/div>","protected":false},"author":1,"featured_media":0,"parent":0,"menu_order":0,"comment_status":"closed","ping_status":"closed","template":"","meta":{"ngg_post_thumbnail":0,"footnotes":""},"class_list":["post-144","page","type-page","status-publish","hentry"],"_links":{"self":[{"href":"https:\/\/jzm.lmklouny.cz\/index.php\/wp-json\/wp\/v2\/pages\/144","targetHints":{"allow":["GET"]}}],"collection":[{"href":"https:\/\/jzm.lmklouny.cz\/index.php\/wp-json\/wp\/v2\/pages"}],"about":[{"href":"https:\/\/jzm.lmklouny.cz\/index.php\/wp-json\/wp\/v2\/types\/page"}],"author":[{"embeddable":true,"href":"https:\/\/jzm.lmklouny.cz\/index.php\/wp-json\/wp\/v2\/users\/1"}],"replies":[{"embeddable":true,"href":"https:\/\/jzm.lmklouny.cz\/index.php\/wp-json\/wp\/v2\/comments?post=144"}],"version-history":[{"count":0,"href":"https:\/\/jzm.lmklouny.cz\/index.php\/wp-json\/wp\/v2\/pages\/144\/revisions"}],"wp:attachment":[{"href":"https:\/\/jzm.lmklouny.cz\/index.php\/wp-json\/wp\/v2\/media?parent=144"}],"curies":[{"name":"wp","href":"https:\/\/api.w.org\/{rel}","templated":true}]}}