{"id":1188,"date":"2018-08-06T07:33:15","date_gmt":"2018-08-06T06:33:15","guid":{"rendered":"http:\/\/192.168.1.151\/index.php\/vyhlaseni-soutezi-rana-2018\/"},"modified":"2018-08-06T07:33:15","modified_gmt":"2018-08-06T06:33:15","slug":"vyhlaseni-soutezi-rana-2018","status":"publish","type":"page","link":"https:\/\/jzm.lmklouny.cz\/index.php\/vyhlaseni-soutezi-rana-2018\/","title":{"rendered":"Vyhl\u00e1\u0161en\u00ed sout\u011b\u017e\u00ed &#8211; Ran\u00e1 2018"},"content":{"rendered":"ngg_shortcode_0_placeholder\n","protected":false},"excerpt":{"rendered":"<div class=\"mh-excerpt\"><\/div>","protected":false},"author":1,"featured_media":0,"parent":0,"menu_order":0,"comment_status":"closed","ping_status":"closed","template":"","meta":{"ngg_post_thumbnail":0,"footnotes":""},"class_list":["post-1188","page","type-page","status-publish","hentry"],"_links":{"self":[{"href":"https:\/\/jzm.lmklouny.cz\/index.php\/wp-json\/wp\/v2\/pages\/1188","targetHints":{"allow":["GET"]}}],"collection":[{"href":"https:\/\/jzm.lmklouny.cz\/index.php\/wp-json\/wp\/v2\/pages"}],"about":[{"href":"https:\/\/jzm.lmklouny.cz\/index.php\/wp-json\/wp\/v2\/types\/page"}],"author":[{"embeddable":true,"href":"https:\/\/jzm.lmklouny.cz\/index.php\/wp-json\/wp\/v2\/users\/1"}],"replies":[{"embeddable":true,"href":"https:\/\/jzm.lmklouny.cz\/index.php\/wp-json\/wp\/v2\/comments?post=1188"}],"version-history":[{"count":0,"href":"https:\/\/jzm.lmklouny.cz\/index.php\/wp-json\/wp\/v2\/pages\/1188\/revisions"}],"wp:attachment":[{"href":"https:\/\/jzm.lmklouny.cz\/index.php\/wp-json\/wp\/v2\/media?parent=1188"}],"curies":[{"name":"wp","href":"https:\/\/api.w.org\/{rel}","templated":true}]}}